{"id":99,"date":"2022-01-15T18:36:47","date_gmt":"2022-01-15T17:36:47","guid":{"rendered":"https:\/\/mathieu-guide.fr\/?page_id=99"},"modified":"2022-02-12T11:26:17","modified_gmt":"2022-02-12T10:26:17","slug":"accueil","status":"publish","type":"page","link":"https:\/\/mathieu-guide.fr\/","title":{"rendered":"Accueil"},"content":{"rendered":"<h2 style=\"text-align: center;\">Bienvenue sur mon site &#8230;<\/h2>\n<div id='gallery-1' class='czr-gallery row flex-row czr-gallery-style gallery galleryid-99 gallery-columns-3 gallery-size-large'><figure class='gallery-item col col-auto'>\r\n                        <div class='gallery-icon portrait czr-gallery-icon'>\r\n                              <img width=\"768\" height=\"1024\" src=\"https:\/\/mathieu-guide.fr\/wp-content\/uploads\/2022\/01\/Alpinisme-1-768x1024.jpg\" class=\"attachment-large size-large\" alt=\"\" loading=\"lazy\" sizes=\"(min-width: 1200px) 255px, (min-width: 992px) 210px, (min-width: 576px) 150px, calc( 50vw - 30px )\" srcset=\"https:\/\/mathieu-guide.fr\/wp-content\/uploads\/2022\/01\/Alpinisme-1-768x1024.jpg 768w, https:\/\/mathieu-guide.fr\/wp-content\/uploads\/2022\/01\/Alpinisme-1-225x300.jpg 225w, https:\/\/mathieu-guide.fr\/wp-content\/uploads\/2022\/01\/Alpinisme-1.jpg 810w\" \/><div class=\"post-action btn btn-skin-dark-shaded inverted\"><a href=\"https:\/\/mathieu-guide.fr\/wp-content\/uploads\/2022\/01\/Alpinisme-1.jpg\" class=\"icn-expand\" data-lb-type=\"grouped-gallery\"><\/a><\/div>\r\n                        <\/div><\/figure><figure class='gallery-item col col-auto'>\r\n                        <div class='gallery-icon portrait czr-gallery-icon'>\r\n                              <img width=\"768\" height=\"1024\" src=\"https:\/\/mathieu-guide.fr\/wp-content\/uploads\/2022\/01\/Escalade-6-768x1024.jpg\" class=\"attachment-large size-large\" alt=\"\" loading=\"lazy\" sizes=\"(min-width: 1200px) 255px, (min-width: 992px) 210px, (min-width: 576px) 150px, calc( 50vw - 30px )\" srcset=\"https:\/\/mathieu-guide.fr\/wp-content\/uploads\/2022\/01\/Escalade-6-768x1024.jpg 768w, https:\/\/mathieu-guide.fr\/wp-content\/uploads\/2022\/01\/Escalade-6-225x300.jpg 225w, https:\/\/mathieu-guide.fr\/wp-content\/uploads\/2022\/01\/Escalade-6.jpg 810w\" \/><div class=\"post-action btn btn-skin-dark-shaded inverted\"><a href=\"https:\/\/mathieu-guide.fr\/wp-content\/uploads\/2022\/01\/Escalade-6.jpg\" class=\"icn-expand\" data-lb-type=\"grouped-gallery\"><\/a><\/div>\r\n                        <\/div><\/figure><figure class='gallery-item col col-auto'>\r\n                        <div class='gallery-icon portrait czr-gallery-icon'>\r\n                              <img width=\"768\" height=\"1024\" src=\"https:\/\/mathieu-guide.fr\/wp-content\/uploads\/2022\/01\/Ski-randonnee-1-768x1024.jpg\" class=\"attachment-large size-large\" alt=\"\" loading=\"lazy\" sizes=\"(min-width: 1200px) 255px, (min-width: 992px) 210px, (min-width: 576px) 150px, calc( 50vw - 30px )\" srcset=\"https:\/\/mathieu-guide.fr\/wp-content\/uploads\/2022\/01\/Ski-randonnee-1-768x1024.jpg 768w, https:\/\/mathieu-guide.fr\/wp-content\/uploads\/2022\/01\/Ski-randonnee-1-225x300.jpg 225w, https:\/\/mathieu-guide.fr\/wp-content\/uploads\/2022\/01\/Ski-randonnee-1.jpg 810w\" \/><div class=\"post-action btn btn-skin-dark-shaded inverted\"><a href=\"https:\/\/mathieu-guide.fr\/wp-content\/uploads\/2022\/01\/Ski-randonnee-1.jpg\" class=\"icn-expand\" data-lb-type=\"grouped-gallery\"><\/a><\/div>\r\n                        <\/div><\/figure><figure class='gallery-item col col-auto'>\r\n                        <div class='gallery-icon portrait czr-gallery-icon'>\r\n                              <img width=\"768\" height=\"1024\" src=\"https:\/\/mathieu-guide.fr\/wp-content\/uploads\/2022\/01\/Via-Ferrata-2-768x1024.jpg\" class=\"attachment-large size-large\" alt=\"\" loading=\"lazy\" sizes=\"(min-width: 1200px) 255px, (min-width: 992px) 210px, (min-width: 576px) 150px, calc( 50vw - 30px )\" srcset=\"https:\/\/mathieu-guide.fr\/wp-content\/uploads\/2022\/01\/Via-Ferrata-2-768x1024.jpg 768w, https:\/\/mathieu-guide.fr\/wp-content\/uploads\/2022\/01\/Via-Ferrata-2-225x300.jpg 225w, https:\/\/mathieu-guide.fr\/wp-content\/uploads\/2022\/01\/Via-Ferrata-2.jpg 810w\" \/><div class=\"post-action btn btn-skin-dark-shaded inverted\"><a href=\"https:\/\/mathieu-guide.fr\/wp-content\/uploads\/2022\/01\/Via-Ferrata-2.jpg\" class=\"icn-expand\" data-lb-type=\"grouped-gallery\"><\/a><\/div>\r\n                        <\/div><\/figure><figure class='gallery-item col col-auto'>\r\n                        <div class='gallery-icon portrait czr-gallery-icon'>\r\n                              <img width=\"768\" height=\"1024\" src=\"https:\/\/mathieu-guide.fr\/wp-content\/uploads\/2022\/01\/Canyon-768x1024.jpg\" class=\"attachment-large size-large\" alt=\"\" loading=\"lazy\" sizes=\"(min-width: 1200px) 255px, (min-width: 992px) 210px, (min-width: 576px) 150px, calc( 50vw - 30px )\" srcset=\"https:\/\/mathieu-guide.fr\/wp-content\/uploads\/2022\/01\/Canyon-768x1024.jpg 768w, https:\/\/mathieu-guide.fr\/wp-content\/uploads\/2022\/01\/Canyon-225x300.jpg 225w, https:\/\/mathieu-guide.fr\/wp-content\/uploads\/2022\/01\/Canyon.jpg 810w\" \/><div class=\"post-action btn btn-skin-dark-shaded inverted\"><a href=\"https:\/\/mathieu-guide.fr\/wp-content\/uploads\/2022\/01\/Canyon.jpg\" class=\"icn-expand\" data-lb-type=\"grouped-gallery\"><\/a><\/div>\r\n                        <\/div><\/figure><figure class='gallery-item col col-auto'>\r\n                        <div class='gallery-icon portrait czr-gallery-icon'>\r\n                              <img width=\"768\" height=\"1024\" src=\"https:\/\/mathieu-guide.fr\/wp-content\/uploads\/2022\/01\/Agenda-1-768x1024.jpg\" class=\"attachment-large size-large\" alt=\"\" loading=\"lazy\" sizes=\"(min-width: 1200px) 255px, (min-width: 992px) 210px, (min-width: 576px) 150px, calc( 50vw - 30px )\" srcset=\"https:\/\/mathieu-guide.fr\/wp-content\/uploads\/2022\/01\/Agenda-1-768x1024.jpg 768w, https:\/\/mathieu-guide.fr\/wp-content\/uploads\/2022\/01\/Agenda-1-225x300.jpg 225w, https:\/\/mathieu-guide.fr\/wp-content\/uploads\/2022\/01\/Agenda-1.jpg 810w\" \/><div class=\"post-action btn btn-skin-dark-shaded inverted\"><a href=\"https:\/\/mathieu-guide.fr\/wp-content\/uploads\/2022\/01\/Agenda-1.jpg\" class=\"icn-expand\" data-lb-type=\"grouped-gallery\"><\/a><\/div>\r\n                        <\/div><\/figure>\r\n                  <\/div>\n\n<h2><\/h2>\n<h2 style=\"text-align: center;\">Qui suis-je ?<\/h2>\n<p><a href=\"https:\/\/mathieu-guide.fr\/wp-content\/uploads\/2022\/02\/Mathieu.jpg\"><img loading=\"lazy\" class=\"aligncenter wp-image-341\" src=\"https:\/\/mathieu-guide.fr\/wp-content\/uploads\/2022\/02\/Mathieu-285x300.jpg\" alt=\"\" width=\"197\" height=\"208\" srcset=\"https:\/\/mathieu-guide.fr\/wp-content\/uploads\/2022\/02\/Mathieu-285x300.jpg 285w, https:\/\/mathieu-guide.fr\/wp-content\/uploads\/2022\/02\/Mathieu-768x809.jpg 768w, https:\/\/mathieu-guide.fr\/wp-content\/uploads\/2022\/02\/Mathieu.jpg 800w\" sizes=\"(max-width: 197px) 100vw, 197px\" \/><\/a><\/p>\n<p style=\"text-align: center;\">Je m\u2019appelle Mathieu Cesarano,<\/p>\n<p style=\"text-align: center;\">je vis \u00e0 Cuttoli-Corticchiato petit village de Corse du Sud.<\/p>\n<p style=\"text-align: center;\">Guide de haute montagne dipl\u00f4m\u00e9 de l\u2019Ecole Nationale de Ski et d&rsquo;Alpinisme \u00e0 Chamonix<\/p>\n<p style=\"text-align: center;\">Pisteur secouriste form\u00e9 au CREPS de Brian\u00e7on.<\/p>\n<p style=\"text-align: center;\">Mes premiers pas en montagne se font tr\u00e8s jeune avec mes parents.<br \/>\nD\u2019abord par la pratique de l\u2019escalade et de la randonn\u00e9e p\u00e9destre, puis vers 15 ans j\u2019ai commenc\u00e9 l\u2019alpinisme et le ski de randonn\u00e9e<\/p>\n<p style=\"text-align: center;\">J\u2019ai d\u00e9but\u00e9 ma carri\u00e8re comme secouriste au sein du PGHM, d\u2019abord dans la vall\u00e9e de l\u2019Ubaye et le Verdon, puis Brian\u00e7on dans le massif des Ecrins, et enfin la Corse.<\/p>\n<p style=\"text-align: center;\">Apr\u00e8s 21 ans au sein du secours en montagne, j\u2019ai d\u00e9cid\u00e9 de me consacrer enti\u00e8rement au partage de ma passion pour la montagne au travers du m\u00e9tier de Guide.<\/p>\n<p style=\"text-align: center;\">En variant les activit\u00e9s, la montagne se laisse parcourir en toutes saisons.<\/p>\n<p style=\"text-align: center;\">La vie est plus intense lorsqu\u2019elle est ponctu\u00e9e d\u2019objectifs !<\/p>\n","protected":false},"excerpt":{"rendered":"<p>Bienvenue sur mon site &#8230; Qui suis-je ? Je m\u2019appelle Mathieu Cesarano, je vis \u00e0 Cuttoli-Corticchiato petit village de Corse du Sud. Guide de haute montagne dipl\u00f4m\u00e9 de l\u2019Ecole Nationale de Ski et d&rsquo;Alpinisme \u00e0 Chamonix Pisteur secouriste form\u00e9 au CREPS de Brian\u00e7on. Mes premiers pas en montagne se font tr\u00e8s jeune avec mes parents. [&hellip;]<\/p>\n","protected":false},"author":3,"featured_media":0,"parent":0,"menu_order":0,"comment_status":"closed","ping_status":"closed","template":"","meta":[],"_links":{"self":[{"href":"https:\/\/mathieu-guide.fr\/index.php?rest_route=\/wp\/v2\/pages\/99"}],"collection":[{"href":"https:\/\/mathieu-guide.fr\/index.php?rest_route=\/wp\/v2\/pages"}],"about":[{"href":"https:\/\/mathieu-guide.fr\/index.php?rest_route=\/wp\/v2\/types\/page"}],"author":[{"embeddable":true,"href":"https:\/\/mathieu-guide.fr\/index.php?rest_route=\/wp\/v2\/users\/3"}],"replies":[{"embeddable":true,"href":"https:\/\/mathieu-guide.fr\/index.php?rest_route=%2Fwp%2Fv2%2Fcomments&post=99"}],"version-history":[{"count":59,"href":"https:\/\/mathieu-guide.fr\/index.php?rest_route=\/wp\/v2\/pages\/99\/revisions"}],"predecessor-version":[{"id":370,"href":"https:\/\/mathieu-guide.fr\/index.php?rest_route=\/wp\/v2\/pages\/99\/revisions\/370"}],"wp:attachment":[{"href":"https:\/\/mathieu-guide.fr\/index.php?rest_route=%2Fwp%2Fv2%2Fmedia&parent=99"}],"curies":[{"name":"wp","href":"https:\/\/api.w.org\/{rel}","templated":true}]}}