{"id":75,"date":"2022-01-15T17:21:17","date_gmt":"2022-01-15T16:21:17","guid":{"rendered":"https:\/\/mathieu-guide.fr\/?page_id=75"},"modified":"2022-02-12T11:15:26","modified_gmt":"2022-02-12T10:15:26","slug":"ski-de-randonnee","status":"publish","type":"page","link":"https:\/\/mathieu-guide.fr\/?page_id=75","title":{"rendered":"Ski de randonn\u00e9e"},"content":{"rendered":"<p><a href=\"https:\/\/mathieu-guide.fr\/wp-content\/uploads\/2022\/01\/Initiation-Ski-randonnee.jpg\"><img loading=\"lazy\" class=\"wp-image-214 size-medium aligncenter\" src=\"https:\/\/mathieu-guide.fr\/wp-content\/uploads\/2022\/01\/Initiation-Ski-randonnee-225x300.jpg\" alt=\"\" width=\"225\" height=\"300\" srcset=\"https:\/\/mathieu-guide.fr\/wp-content\/uploads\/2022\/01\/Initiation-Ski-randonnee-225x300.jpg 225w, https:\/\/mathieu-guide.fr\/wp-content\/uploads\/2022\/01\/Initiation-Ski-randonnee-768x1024.jpg 768w, https:\/\/mathieu-guide.fr\/wp-content\/uploads\/2022\/01\/Initiation-Ski-randonnee.jpg 810w\" sizes=\"(max-width: 225px) 100vw, 225px\" \/><\/a><\/p>\n<p style=\"text-align: center;\">Le ski de randonn\u00e9e est synonyme de libert\u00e9 !<br \/>\nLes possibilit\u00e9s de pratiques sont multiples.<\/p>\n<p style=\"text-align: center;\">Pour ceux qui n\u2019ont pas encore os\u00e9 sortir du domaine des stations, je vous propose une d\u00e9couverte de cette activit\u00e9.<br \/>\nA la journ\u00e9e ou sur de courts s\u00e9jours progressifs.<\/p>\n<p><a href=\"https:\/\/mathieu-guide.fr\/wp-content\/uploads\/2022\/01\/Raids-ski.jpg\"><img loading=\"lazy\" class=\"wp-image-215 size-medium aligncenter\" src=\"https:\/\/mathieu-guide.fr\/wp-content\/uploads\/2022\/01\/Raids-ski-225x300.jpg\" alt=\"\" width=\"225\" height=\"300\" srcset=\"https:\/\/mathieu-guide.fr\/wp-content\/uploads\/2022\/01\/Raids-ski-225x300.jpg 225w, https:\/\/mathieu-guide.fr\/wp-content\/uploads\/2022\/01\/Raids-ski-768x1024.jpg 768w, https:\/\/mathieu-guide.fr\/wp-content\/uploads\/2022\/01\/Raids-ski.jpg 810w\" sizes=\"(max-width: 225px) 100vw, 225px\" \/><\/a><\/p>\n<p style=\"text-align: center;\">Pour ceux qui y ont d\u00e9j\u00e0 gout\u00e9, je vous propose des s\u00e9jours en \u00e9toile ou itin\u00e9rants.<\/p>\n<p style=\"text-align: center;\">En Corse, dans les Alpes, en Ubaye, en Norv\u00e8ge \u00e0 bord du voilier Azteclady, voire plus loin !<\/p>\n<p style=\"text-align: center;\">Ou selon vos envies &#8230;<\/p>\n<p style=\"text-align: center;\">\n<p style=\"text-align: center;\"><strong>Petites vid\u00e9os de ski de randonn\u00e9e<\/strong><\/p>\n<ul style=\"text-align: center;\">\n<li><strong><a href=\"https:\/\/youtu.be\/s6xRSvJdjMc\" target=\"_blank\" rel=\"noopener\">Surf et poudreuse<\/a><\/strong><\/li>\n<li><strong><a href=\"https:\/\/youtu.be\/n5c9AfILoVM\" target=\"_blank\" rel=\"noopener\">Promenade solo &#8230;<\/a><\/strong><\/li>\n<li><strong><a href=\"https:\/\/youtu.be\/1W8hUVlbu48\" target=\"_blank\" rel=\"noopener\">Traces fra\u00eeches en Ubaye<\/a><\/strong><\/li>\n<\/ul>\n<p style=\"text-align: center;\">\n<p>&nbsp;<\/p>\n<p style=\"background: white; box-sizing: border-box; font-variant-ligatures: normal; font-variant-caps: normal; orphans: 2; text-align: start; widows: 2; -webkit-text-stroke-width: 0px; text-decoration-thickness: initial; text-decoration-style: initial; text-decoration-color: initial; word-spacing: 0px; margin: 0cm 0cm 7.5pt 0cm;\">\n","protected":false},"excerpt":{"rendered":"<p>Le ski de randonn\u00e9e est synonyme de libert\u00e9 ! Les possibilit\u00e9s de pratiques sont multiples. Pour ceux qui n\u2019ont pas encore os\u00e9 sortir du domaine des stations, je vous propose une d\u00e9couverte de cette activit\u00e9. A la journ\u00e9e ou sur de courts s\u00e9jours progressifs. Pour ceux qui y ont d\u00e9j\u00e0 gout\u00e9, je vous propose des [&hellip;]<\/p>\n","protected":false},"author":3,"featured_media":55,"parent":0,"menu_order":0,"comment_status":"closed","ping_status":"closed","template":"","meta":[],"_links":{"self":[{"href":"https:\/\/mathieu-guide.fr\/index.php?rest_route=\/wp\/v2\/pages\/75"}],"collection":[{"href":"https:\/\/mathieu-guide.fr\/index.php?rest_route=\/wp\/v2\/pages"}],"about":[{"href":"https:\/\/mathieu-guide.fr\/index.php?rest_route=\/wp\/v2\/types\/page"}],"author":[{"embeddable":true,"href":"https:\/\/mathieu-guide.fr\/index.php?rest_route=\/wp\/v2\/users\/3"}],"replies":[{"embeddable":true,"href":"https:\/\/mathieu-guide.fr\/index.php?rest_route=%2Fwp%2Fv2%2Fcomments&post=75"}],"version-history":[{"count":24,"href":"https:\/\/mathieu-guide.fr\/index.php?rest_route=\/wp\/v2\/pages\/75\/revisions"}],"predecessor-version":[{"id":364,"href":"https:\/\/mathieu-guide.fr\/index.php?rest_route=\/wp\/v2\/pages\/75\/revisions\/364"}],"wp:featuredmedia":[{"embeddable":true,"href":"https:\/\/mathieu-guide.fr\/index.php?rest_route=\/wp\/v2\/media\/55"}],"wp:attachment":[{"href":"https:\/\/mathieu-guide.fr\/index.php?rest_route=%2Fwp%2Fv2%2Fmedia&parent=75"}],"curies":[{"name":"wp","href":"https:\/\/api.w.org\/{rel}","templated":true}]}}