{"id":102,"date":"2022-01-15T18:44:52","date_gmt":"2022-01-15T17:44:52","guid":{"rendered":"https:\/\/mathieu-guide.fr\/?page_id=102"},"modified":"2022-02-12T12:01:07","modified_gmt":"2022-02-12T11:01:07","slug":"escalade-2","status":"publish","type":"page","link":"https:\/\/mathieu-guide.fr\/?page_id=102","title":{"rendered":"Escalade"},"content":{"rendered":"<p><a href=\"https:\/\/mathieu-guide.fr\/wp-content\/uploads\/2022\/01\/Initiation-escalade.jpg\"><img loading=\"lazy\" class=\"wp-image-213 aligncenter\" src=\"https:\/\/mathieu-guide.fr\/wp-content\/uploads\/2022\/01\/Initiation-escalade-225x300.jpg\" alt=\"\" width=\"246\" height=\"328\" srcset=\"https:\/\/mathieu-guide.fr\/wp-content\/uploads\/2022\/01\/Initiation-escalade-225x300.jpg 225w, https:\/\/mathieu-guide.fr\/wp-content\/uploads\/2022\/01\/Initiation-escalade.jpg 648w\" sizes=\"(max-width: 246px) 100vw, 246px\" \/><\/a><\/p>\n<p style=\"text-align: center;\">Le contact avec le rocher, la contemplation des paysages en prenant de la hauteur procurent rapidement de belles \u00e9motions et de grandes satisfactions personnelles.<\/p>\n<p style=\"text-align: center;\">Je vous propose des journ\u00e9es de d\u00e9couverte de la verticalit\u00e9 en famille ou entre amis.<\/p>\n<p style=\"text-align: center;\">Pour les plus familiaris\u00e9s, nous pourrons envisager des grandes voies de plusieurs longueurs de corde. Equip\u00e9es ou en terrain d\u2019aventure.<\/p>\n<p><a href=\"https:\/\/mathieu-guide.fr\/wp-content\/uploads\/2022\/01\/Grandes-voies.jpg\"><img loading=\"lazy\" class=\"wp-image-212 aligncenter\" src=\"https:\/\/mathieu-guide.fr\/wp-content\/uploads\/2022\/01\/Grandes-voies-225x300.jpg\" alt=\"\" width=\"241\" height=\"321\" srcset=\"https:\/\/mathieu-guide.fr\/wp-content\/uploads\/2022\/01\/Grandes-voies-225x300.jpg 225w, https:\/\/mathieu-guide.fr\/wp-content\/uploads\/2022\/01\/Grandes-voies-768x1024.jpg 768w, https:\/\/mathieu-guide.fr\/wp-content\/uploads\/2022\/01\/Grandes-voies.jpg 810w\" sizes=\"(max-width: 241px) 100vw, 241px\" \/><\/a><\/p>\n<p style=\"text-align: center;\"><strong>Quelques exemples de grandes voies :<\/strong><\/p>\n<ul>\n<li style=\"text-align: center;\"><strong><em>Massif de l\u2019Ubaye ((04)<\/em><\/strong> :<br \/>\n\u00ab Festival \u00bb 450m TD+, sommet rouge<br \/>\n\u00ab Travers\u00e9e Pierre Andr\u00e9\/G\u00e9linasse\/Peigne \u00bb 400m, TD &#8211;<br \/>\n\u00ab Les jeans heureux \u00bb 250m, TD-, Chapeau de gendarme.<\/li>\n<\/ul>\n<ul>\n<li style=\"text-align: center;\"><em><strong>Massif des calanques (13)<\/strong><\/em> :<br \/>\n\u00ab Pour la m\u00e9moire de nos enfants \u00bb 230m TD+, paroi du Devenson<br \/>\n\u00ab Travers\u00e9e sans retour \u00bb 250m TD, Castelvieil<\/li>\n<\/ul>\n<ul>\n<li style=\"text-align: center;\"><em><strong>Corse<\/strong><\/em> :<br \/>\n\u00ab Ombre et lumi\u00e8re \u00bb250m TD, Travignano<br \/>\n\u00ab Symphonie d\u2019automne \u00bb 200m TD, Restonica<br \/>\n\u00ab Le dos d\u2019\u00e9l\u00e9phant \u00bb 280m TD+, Bavella<br \/>\n\u00ab Le nid d\u2019aigle \u00bb 400m TD &#8211;<br \/>\n\u00ab voie des paras \u00bb 400m D &#8211;<br \/>\n\u00ab A prima volta \u00bb 100m D, Richiusa<\/li>\n<\/ul>\n<ul>\n<li style=\"text-align: center;\"><em><strong>Verdon<\/strong><\/em> :<br \/>\n\u00ab Ula \u00bb 280m TD+ (terrain d\u2019aventure)<br \/>\n\u00ab le pilier des \u00e9cureuils \u00bb 270m TD+<\/li>\n<\/ul>\n<p>&nbsp;<\/p>\n","protected":false},"excerpt":{"rendered":"<p>Le contact avec le rocher, la contemplation des paysages en prenant de la hauteur procurent rapidement de belles \u00e9motions et de grandes satisfactions personnelles. Je vous propose des journ\u00e9es de d\u00e9couverte de la verticalit\u00e9 en famille ou entre amis. Pour les plus familiaris\u00e9s, nous pourrons envisager des grandes voies de plusieurs longueurs de corde. Equip\u00e9es [&hellip;]<\/p>\n","protected":false},"author":3,"featured_media":105,"parent":0,"menu_order":0,"comment_status":"closed","ping_status":"closed","template":"","meta":[],"_links":{"self":[{"href":"https:\/\/mathieu-guide.fr\/index.php?rest_route=\/wp\/v2\/pages\/102"}],"collection":[{"href":"https:\/\/mathieu-guide.fr\/index.php?rest_route=\/wp\/v2\/pages"}],"about":[{"href":"https:\/\/mathieu-guide.fr\/index.php?rest_route=\/wp\/v2\/types\/page"}],"author":[{"embeddable":true,"href":"https:\/\/mathieu-guide.fr\/index.php?rest_route=\/wp\/v2\/users\/3"}],"replies":[{"embeddable":true,"href":"https:\/\/mathieu-guide.fr\/index.php?rest_route=%2Fwp%2Fv2%2Fcomments&post=102"}],"version-history":[{"count":14,"href":"https:\/\/mathieu-guide.fr\/index.php?rest_route=\/wp\/v2\/pages\/102\/revisions"}],"predecessor-version":[{"id":378,"href":"https:\/\/mathieu-guide.fr\/index.php?rest_route=\/wp\/v2\/pages\/102\/revisions\/378"}],"wp:featuredmedia":[{"embeddable":true,"href":"https:\/\/mathieu-guide.fr\/index.php?rest_route=\/wp\/v2\/media\/105"}],"wp:attachment":[{"href":"https:\/\/mathieu-guide.fr\/index.php?rest_route=%2Fwp%2Fv2%2Fmedia&parent=102"}],"curies":[{"name":"wp","href":"https:\/\/api.w.org\/{rel}","templated":true}]}}